{"id":40,"date":"2016-03-10T17:45:48","date_gmt":"2016-03-10T22:45:48","guid":{"rendered":"http:\/\/michsellocampo.com\/?page_id=40"},"modified":"2016-12-22T12:07:14","modified_gmt":"2016-12-22T17:07:14","slug":"lecciones-aprendidas","status":"publish","type":"page","link":"https:\/\/michsellocampo.com\/index.php\/lecciones-aprendidas\/","title":{"rendered":"Lecciones Aprendidas"},"content":{"rendered":"<p style=\"text-align: justify;\">Trabajando en diferentes proyectos de implementaci\u00f3n, nos encontramos con lecciones aprendidas, enfoques pr\u00e1cticos y recomendaciones de expertos quienes a partir de la experiencia compartida con sus pares, generan sinergias que contribuyen a generar mejores proyectos y mejores gerentes de proyectos.<\/p>\n<p>Cada lecci\u00f3n aprendida se refiere a una experiencia en particular que tiene hace referencia a un cap\u00edtulo del libro <strong>Gu\u00eda del PMBOK<\/strong><\/p>\n<p><em>No se mencionan personajes o empresas, y por supuesto, no se otorgan datos en cuesti\u00f3n. Cualquier parecido con la realidad es pura coincidencia. <\/em><\/p>\n<p>&nbsp;<\/p>\n<p><strong>Gesti\u00f3n de los Interesados<\/strong><\/p>\n<p><a href=\"http:\/\/michsellocampo.com\/index.php\/2016\/12\/22\/art12\/\">La Trampa de Contratar solo la Actitud<\/a><\/p>\n<p><a href=\"http:\/\/michsellocampo.com\/index.php\/2016\/03\/10\/art2\/\" target=\"_blank\">El valor de un L\u00edder de Gesti\u00f3n de Cambios<\/a><\/p>\n<p style=\"text-align: justify;\"><a href=\"http:\/\/michsellocampo.com\/index.php\/2016\/04\/11\/art6\/\" target=\"_blank\">Como saber si tengo el trabajo equivocado<\/a><\/p>\n","protected":false},"excerpt":{"rendered":"<p>Trabajando en diferentes proyectos de implementaci\u00f3n, nos encontramos con lecciones aprendidas, enfoques pr\u00e1cticos y recomendaciones de expertos quienes a partir de la experiencia compartida con sus pares, generan sinergias que contribuyen a generar mejores proyectos y mejores gerentes de proyectos. Cada lecci\u00f3n aprendida se refiere a una experiencia en particular que tiene hace referencia a&#8230;<\/p>\n","protected":false},"author":1,"featured_media":0,"parent":0,"menu_order":0,"comment_status":"closed","ping_status":"closed","template":"","meta":{"footnotes":""},"class_list":["post-40","page","type-page","status-publish","hentry"],"_links":{"self":[{"href":"https:\/\/michsellocampo.com\/index.php\/wp-json\/wp\/v2\/pages\/40","targetHints":{"allow":["GET"]}}],"collection":[{"href":"https:\/\/michsellocampo.com\/index.php\/wp-json\/wp\/v2\/pages"}],"about":[{"href":"https:\/\/michsellocampo.com\/index.php\/wp-json\/wp\/v2\/types\/page"}],"author":[{"embeddable":true,"href":"https:\/\/michsellocampo.com\/index.php\/wp-json\/wp\/v2\/users\/1"}],"replies":[{"embeddable":true,"href":"https:\/\/michsellocampo.com\/index.php\/wp-json\/wp\/v2\/comments?post=40"}],"version-history":[{"count":0,"href":"https:\/\/michsellocampo.com\/index.php\/wp-json\/wp\/v2\/pages\/40\/revisions"}],"wp:attachment":[{"href":"https:\/\/michsellocampo.com\/index.php\/wp-json\/wp\/v2\/media?parent=40"}],"curies":[{"name":"wp","href":"https:\/\/api.w.org\/{rel}","templated":true}]}}