{"id":92,"date":"2016-03-10T20:28:20","date_gmt":"2016-03-11T01:28:20","guid":{"rendered":"http:\/\/michsellocampo.com\/?page_id=92"},"modified":"2016-11-17T14:08:53","modified_gmt":"2016-11-17T19:08:53","slug":"mis-recomendados","status":"publish","type":"page","link":"https:\/\/michsellocampo.com\/index.php\/mis-recomendados\/","title":{"rendered":"Mis Recomendados"},"content":{"rendered":"<p>En esta p\u00e1gina deseo compartir recursos diferentes con su respectiva rese\u00f1a, que me dejaron valiosas lecciones.<\/p>\n<p>Cada cierto tiempo estar\u00e9 actualizando la recomendaci\u00f3n<\/p>\n<p>Hoy quiero enfocarme en los Gerentes de Proyectos<br \/>\n&nbsp;<br \/>\n<strong>La cita: <span style=\"text-decoration: underline; color: #000080;\"><a style=\"color: #000080; text-decoration: underline;\" href=\"https:\/\/es.wikipedia.org\/wiki\/Tyrion_Lannister\" target=\"_blank\">Tyrion Lannister<\/a><\/span><br \/>\n<\/strong><\/p>\n<p><img loading=\"lazy\" decoding=\"async\" class=\"alignnone size-full wp-image-364\" src=\"http:\/\/michsellocampo.com\/wp-content\/uploads\/2016\/03\/Tyrion_Lannister.jpg\" alt=\"tyrion_lannister\" width=\"650\" height=\"511\" srcset=\"https:\/\/michsellocampo.com\/wp-content\/uploads\/2016\/03\/Tyrion_Lannister.jpg 650w, https:\/\/michsellocampo.com\/wp-content\/uploads\/2016\/03\/Tyrion_Lannister-300x236.jpg 300w, https:\/\/michsellocampo.com\/wp-content\/uploads\/2016\/03\/Tyrion_Lannister-150x118.jpg 150w\" sizes=\"auto, (max-width: 650px) 100vw, 650px\" \/><\/p>\n<p>&nbsp;<\/p>\n<p><strong>El libro<\/strong> : <a href=\"https:\/\/www.amazon.es\/Juego-Tronos-los-Proyectos-magistrales-ebook\/dp\/B01LX3TI7Y\/ref=as_li_ss_tl?ie=UTF8&amp;qid=1475654527&amp;sr=8-1&amp;keywords=juego+tronos+proyectos&amp;linkCode=sl1&amp;tag=ellabdelasti-21&amp;linkId=55f5638670c69a46db42aa3b67ba330d\"><span style=\"text-decoration: underline;\"><span style=\"color: #000080;\">El juego de tronos en proyectos<\/span><\/span><\/a><\/p>\n<p style=\"text-align: justify;\">Lecciones de Liderazgo al estilo de la Serie <span style=\"text-decoration: underline; color: #000080;\"><a style=\"color: #000080; text-decoration: underline;\" href=\"https:\/\/es.wikipedia.org\/wiki\/Juego_de_tronos_(serie_de_televisi%C3%B3n)\">Juego de Tronos<\/a>,<\/span> hechas por\u00a0 <span style=\"text-decoration: underline; color: #000080;\"><a style=\"color: #000080; text-decoration: underline;\" href=\"http:\/\/www.laboratorioti.com\/sobre-el-blog\/sobre-nosotros\/julian\/\" target=\"_blank\">Juli\u00e1n G\u00f3mez<\/a><\/span><span style=\"color: #000080;\">,<\/span> Director de Proyectos con mas de 16 a\u00f1os de experiencia en TI. Yo ya lo compr\u00e9 y lo que estoy leyendo me esta gustando.<\/p>\n<p>Mira la rese\u00f1a aqu\u00ed: <span style=\"color: #000080;\"><a style=\"color: #000080;\" href=\"http:\/\/www.laboratorioti.com\/2016\/11\/14\/nuevo-libro-ya-esta-papel-aprende-mejor-director-proyecto\/\" target=\"_blank\">Mi nuevo Libro ya est\u00e1 en Papel \u00a1Aprende a ser mejor Director de Proyecto!<\/a><\/span><\/p>\n<p>&nbsp;<\/p>\n<p><a href=\"https:\/\/www.amazon.es\/Juego-Tronos-los-Proyectos-magistrales-ebook\/dp\/B01LX3TI7Y\/ref=as_li_ss_tl?ie=UTF8&amp;qid=1475654527&amp;sr=8-1&amp;keywords=juego+tronos+proyectos&amp;linkCode=sl1&amp;tag=ellabdelasti-21&amp;linkId=55f5638670c69a46db42aa3b67ba330d\" target=\"_blank\"><img loading=\"lazy\" decoding=\"async\" class=\"alignnone\" src=\"https:\/\/images-eu.ssl-images-amazon.com\/images\/I\/512tlbHdfML.jpg\" width=\"354\" height=\"500\" \/><\/a><\/p>\n<p><strong>El canal de Conferencias:\u00a0 <span style=\"color: #000080;\"><a style=\"color: #000080;\" href=\"http:\/\/www.ted.com\/\" target=\"_blank\">TED<\/a><\/span><\/strong><\/p>\n<p>Quien no necesita un Coach? un Mentor que en un momento de la vida, nos sacuda y nos obligue a repensar lo que hemos hecho hasta ahora y lo que vamos a seguir haciendo?<\/p>\n<p>Ted es una de esas plataformas, que permite tener acceso a miles de conferencias motivadoras, que proporcionan una visi\u00f3n diferente de las cosas que tenemos en com\u00fan como seres humanos.<\/p>\n<p>Hoy mi conferencia recomendada es:<span style=\"color: #000080;\"><span style=\"text-decoration: underline;\">\u00a0<\/span><a style=\"color: #000080;\" href=\"http:\/\/www.ted.com\/talks\/roselinde_torres_what_it_takes_to_be_a_great_leader\">Que se necesita para ser un Gran L\u00edder<\/a><\/span> de <span style=\"color: #000080;\"><a class=\"l3 talk-speaker__link\" style=\"color: #000080; text-decoration: underline;\" href=\"http:\/\/www.ted.com\/speakers\/roselinde_torres\" target=\"_blank\">Roselinde Torres<\/a><\/span><\/p>\n<p>&nbsp;<\/p>\n<p><strong>El sitio web: <span style=\"text-decoration: underline;\"><span style=\"color: #000080;\"><a style=\"color: #000080; text-decoration: underline;\" href=\"http:\/\/www.laboratorioti.com\/\" target=\"_blank\">Laboratorio de TI<\/a><\/span><\/span><\/strong><\/p>\n<p>Lo dire de forma simple: Recursos, recursos y m\u00e1s recursos para los Gerentes de Proyectos.<\/p>\n<p>Hay que pasarse por all\u00ed y darse gusto leyendo articulos interesantes, bajando plantillas y aprovechando muchas mas cosas que ellos tienen para los Gerentes.<\/p>\n<p>Se\u00f1alo en particular el art\u00edculo corto que me ha gustado muchisimo<a href=\"http:\/\/www.laboratorioti.com\/2016\/11\/07\/la-diferencia-director-proyectos-gestor-proyectos\/\" target=\"_blank\"><span style=\"color: #000080;\"> La diferencia entre un Director de Proyectos y un Gestor de Proyectos.<\/span><\/a><\/p>\n<p>&nbsp;<\/p>\n<p><strong>Archivo<\/strong><\/p>\n<p><span style=\"text-decoration: underline; color: #000080;\"><a style=\"color: #000080; text-decoration: underline;\" href=\"http:\/\/michsellocampo.com\/index.php\/2016\/11\/17\/recomendacion-agosto-septiembre\/\" target=\"_blank\">Recomendacion-agosto-septiembre<\/a><\/span><\/p>\n","protected":false},"excerpt":{"rendered":"<p>En esta p\u00e1gina deseo compartir recursos diferentes con su respectiva rese\u00f1a, que me dejaron valiosas lecciones. Cada cierto tiempo estar\u00e9 actualizando la recomendaci\u00f3n Hoy quiero enfocarme en los Gerentes de Proyectos &nbsp; La cita: Tyrion Lannister &nbsp; El libro : El juego de tronos en proyectos Lecciones de Liderazgo al estilo de la Serie Juego&#8230;<\/p>\n","protected":false},"author":1,"featured_media":0,"parent":0,"menu_order":0,"comment_status":"closed","ping_status":"closed","template":"","meta":{"footnotes":""},"class_list":["post-92","page","type-page","status-publish","hentry"],"_links":{"self":[{"href":"https:\/\/michsellocampo.com\/index.php\/wp-json\/wp\/v2\/pages\/92","targetHints":{"allow":["GET"]}}],"collection":[{"href":"https:\/\/michsellocampo.com\/index.php\/wp-json\/wp\/v2\/pages"}],"about":[{"href":"https:\/\/michsellocampo.com\/index.php\/wp-json\/wp\/v2\/types\/page"}],"author":[{"embeddable":true,"href":"https:\/\/michsellocampo.com\/index.php\/wp-json\/wp\/v2\/users\/1"}],"replies":[{"embeddable":true,"href":"https:\/\/michsellocampo.com\/index.php\/wp-json\/wp\/v2\/comments?post=92"}],"version-history":[{"count":0,"href":"https:\/\/michsellocampo.com\/index.php\/wp-json\/wp\/v2\/pages\/92\/revisions"}],"wp:attachment":[{"href":"https:\/\/michsellocampo.com\/index.php\/wp-json\/wp\/v2\/media?parent=92"}],"curies":[{"name":"wp","href":"https:\/\/api.w.org\/{rel}","templated":true}]}}